{"id":9,"date":"2013-06-08T19:47:10","date_gmt":"2013-06-08T19:47:10","guid":{"rendered":"https:\/\/suzanmehmet.ro\/?page_id=9"},"modified":"2013-06-11T11:54:18","modified_gmt":"2013-06-11T11:54:18","slug":"blog","status":"publish","type":"page","link":"https:\/\/suzanmehmet.ro\/?page_id=9","title":{"rendered":"Blog"},"content":{"rendered":"<div id=\"attachment_49\" style=\"width: 208px\" class=\"wp-caption alignleft\"><a href=\"https:\/\/suzanmehmet.ro\/wp-content\/uploads\/2013\/06\/793693_404038333023087_1441585326_o.jpg\"><img loading=\"lazy\" decoding=\"async\" aria-describedby=\"caption-attachment-49\" class=\"size-medium wp-image-49 \" alt=\"Credits to: Radu Arama, photographer\" src=\"https:\/\/suzanmehmet.ro\/wp-content\/uploads\/2013\/06\/793693_404038333023087_1441585326_o-198x300.jpg\" width=\"198\" height=\"300\" srcset=\"https:\/\/suzanmehmet.ro\/wp-content\/uploads\/2013\/06\/793693_404038333023087_1441585326_o-198x300.jpg 198w, https:\/\/suzanmehmet.ro\/wp-content\/uploads\/2013\/06\/793693_404038333023087_1441585326_o-678x1024.jpg 678w, https:\/\/suzanmehmet.ro\/wp-content\/uploads\/2013\/06\/793693_404038333023087_1441585326_o.jpg 816w\" sizes=\"auto, (max-width: 198px) 100vw, 198px\" \/><\/a><p id=\"caption-attachment-49\" class=\"wp-caption-text\">Credits to: Radu Arama, photographer<\/p><\/div>\n<p>&nbsp;<\/p>\n<p>&nbsp;<\/p>\n<p>O s\u0103 ne spunem una, alta, miz\u00e2nd pe faptul c\u0103 orice \u00eenceput \u00eenseamn\u0103 libertate deplin\u0103. Unele g\u00e2nduri vor porni spre voi doar a\u0219a, ca s\u0103 fie \u0219i ele, altele, \u00eens\u0103, se vor ag\u0103\u021ba \u00eenapoi, de bra\u021bul meu.<\/p>\n<p>A\u0219a \u00eencep c\u0103r\u021bile&#8230;<\/p>\n","protected":false},"excerpt":{"rendered":"<p>&nbsp; &nbsp; O s\u0103 ne spunem una, alta, miz\u00e2nd pe faptul c\u0103 orice \u00eenceput \u00eenseamn\u0103 libertate deplin\u0103. Unele g\u00e2nduri vor porni spre voi doar a\u0219a, ca s\u0103 fie \u0219i ele, altele, \u00eens\u0103, se vor ag\u0103\u021ba \u00eenapoi, de bra\u021bul meu. A\u0219a \u00eencep c\u0103r\u021bile&#8230;<\/p>\n","protected":false},"author":2,"featured_media":49,"parent":0,"menu_order":0,"comment_status":"open","ping_status":"open","template":"","meta":{"footnotes":""},"class_list":["post-9","page","type-page","status-publish","has-post-thumbnail","czr-hentry"],"_links":{"self":[{"href":"https:\/\/suzanmehmet.ro\/index.php?rest_route=\/wp\/v2\/pages\/9","targetHints":{"allow":["GET"]}}],"collection":[{"href":"https:\/\/suzanmehmet.ro\/index.php?rest_route=\/wp\/v2\/pages"}],"about":[{"href":"https:\/\/suzanmehmet.ro\/index.php?rest_route=\/wp\/v2\/types\/page"}],"author":[{"embeddable":true,"href":"https:\/\/suzanmehmet.ro\/index.php?rest_route=\/wp\/v2\/users\/2"}],"replies":[{"embeddable":true,"href":"https:\/\/suzanmehmet.ro\/index.php?rest_route=%2Fwp%2Fv2%2Fcomments&post=9"}],"version-history":[{"count":4,"href":"https:\/\/suzanmehmet.ro\/index.php?rest_route=\/wp\/v2\/pages\/9\/revisions"}],"predecessor-version":[{"id":482,"href":"https:\/\/suzanmehmet.ro\/index.php?rest_route=\/wp\/v2\/pages\/9\/revisions\/482"}],"wp:featuredmedia":[{"embeddable":true,"href":"https:\/\/suzanmehmet.ro\/index.php?rest_route=\/wp\/v2\/media\/49"}],"wp:attachment":[{"href":"https:\/\/suzanmehmet.ro\/index.php?rest_route=%2Fwp%2Fv2%2Fmedia&parent=9"}],"curies":[{"name":"wp","href":"https:\/\/api.w.org\/{rel}","templated":true}]}}