{"id":8,"date":"2013-06-08T19:46:35","date_gmt":"2013-06-08T19:46:35","guid":{"rendered":"https:\/\/suzanmehmet.ro\/?page_id=8"},"modified":"2013-09-19T12:53:20","modified_gmt":"2013-09-19T12:53:20","slug":"aforisme","status":"publish","type":"page","link":"https:\/\/suzanmehmet.ro\/?page_id=8","title":{"rendered":"Aforisme"},"content":{"rendered":"<p>&nbsp;<\/p>\n<div id=\"attachment_24\" style=\"width: 1034px\" class=\"wp-caption aligncenter\"><a href=\"https:\/\/suzanmehmet.ro\/wp-content\/uploads\/2013\/06\/965240_453129738113946_747682854_o.jpg\"><img loading=\"lazy\" decoding=\"async\" aria-describedby=\"caption-attachment-24\" class=\"size-large wp-image-24\" alt=\"Credits to: Radu Arama http:\/\/pentaxphotogallery.com\/artists\/raduarama\" src=\"https:\/\/suzanmehmet.ro\/wp-content\/uploads\/2013\/06\/965240_453129738113946_747682854_o-1024x678.jpg\" width=\"1024\" height=\"678\" srcset=\"https:\/\/suzanmehmet.ro\/wp-content\/uploads\/2013\/06\/965240_453129738113946_747682854_o-1024x678.jpg 1024w, https:\/\/suzanmehmet.ro\/wp-content\/uploads\/2013\/06\/965240_453129738113946_747682854_o-300x198.jpg 300w, https:\/\/suzanmehmet.ro\/wp-content\/uploads\/2013\/06\/965240_453129738113946_747682854_o.jpg 1232w\" sizes=\"auto, (max-width: 1024px) 100vw, 1024px\" \/><\/a><p id=\"caption-attachment-24\" class=\"wp-caption-text\">Credits to: Radu Arama<br \/>http:\/\/pentaxphotogallery.com\/artists\/raduarama<\/p><\/div>\n<p><em>Cuvintele au for\u021b\u0103 \u0219i fler. Da, fler. Te caut\u0103, te g\u0103sesc negre\u0219it \u0219i te \u021bin de vorb\u0103 at\u00e2t c\u00e2t \u00ee\u021bi trebuie. Ca ni\u0219te prieteni vechi \u0219i buni, pe care-i \u0219tii de-o via\u021b\u0103. Apoi devin idei \u0219i se duc. Se duc la al\u021bii&#8230;<\/em><\/p>\n<p><em>Iat\u0103-le aici:\u00a0<a title=\"Aforisme\" href=\"https:\/\/suzanmehmet.ro\/category\/aforisme\/\" target=\"_blank\">https:\/\/suzanmehmet.ro\/category\/aforisme\/<\/a><\/em><\/p>\n<p>&nbsp;<\/p>\n","protected":false},"excerpt":{"rendered":"<p>&nbsp; Cuvintele au for\u021b\u0103 \u0219i fler. Da, fler. Te caut\u0103, te g\u0103sesc negre\u0219it \u0219i te \u021bin de vorb\u0103 at\u00e2t c\u00e2t \u00ee\u021bi trebuie. Ca ni\u0219te prieteni vechi \u0219i buni, pe care-i \u0219tii de-o via\u021b\u0103. Apoi devin idei \u0219i se duc. Se duc la al\u021bii&#8230; Iat\u0103-le aici:\u00a0https:\/\/suzanmehmet.ro\/category\/aforisme\/ &nbsp;<\/p>\n","protected":false},"author":2,"featured_media":25,"parent":0,"menu_order":0,"comment_status":"open","ping_status":"open","template":"","meta":{"footnotes":""},"class_list":["post-8","page","type-page","status-publish","has-post-thumbnail","czr-hentry"],"_links":{"self":[{"href":"https:\/\/suzanmehmet.ro\/index.php?rest_route=\/wp\/v2\/pages\/8","targetHints":{"allow":["GET"]}}],"collection":[{"href":"https:\/\/suzanmehmet.ro\/index.php?rest_route=\/wp\/v2\/pages"}],"about":[{"href":"https:\/\/suzanmehmet.ro\/index.php?rest_route=\/wp\/v2\/types\/page"}],"author":[{"embeddable":true,"href":"https:\/\/suzanmehmet.ro\/index.php?rest_route=\/wp\/v2\/users\/2"}],"replies":[{"embeddable":true,"href":"https:\/\/suzanmehmet.ro\/index.php?rest_route=%2Fwp%2Fv2%2Fcomments&post=8"}],"version-history":[{"count":11,"href":"https:\/\/suzanmehmet.ro\/index.php?rest_route=\/wp\/v2\/pages\/8\/revisions"}],"predecessor-version":[{"id":226,"href":"https:\/\/suzanmehmet.ro\/index.php?rest_route=\/wp\/v2\/pages\/8\/revisions\/226"}],"wp:featuredmedia":[{"embeddable":true,"href":"https:\/\/suzanmehmet.ro\/index.php?rest_route=\/wp\/v2\/media\/25"}],"wp:attachment":[{"href":"https:\/\/suzanmehmet.ro\/index.php?rest_route=%2Fwp%2Fv2%2Fmedia&parent=8"}],"curies":[{"name":"wp","href":"https:\/\/api.w.org\/{rel}","templated":true}]}}