{"id":183,"date":"2013-08-07T11:56:52","date_gmt":"2013-08-07T11:56:52","guid":{"rendered":"https:\/\/suzanmehmet.ro\/?page_id=183"},"modified":"2013-08-07T11:56:52","modified_gmt":"2013-08-07T11:56:52","slug":"dan-arhire","status":"publish","type":"page","link":"https:\/\/suzanmehmet.ro\/?page_id=183","title":{"rendered":"DAN ARHIRE"},"content":{"rendered":"<div id=\"attachment_174\" style=\"width: 310px\" class=\"wp-caption alignleft\"><a href=\"https:\/\/suzanmehmet.ro\/wp-content\/uploads\/2013\/06\/Dan-Arhire.jpg\"><img loading=\"lazy\" decoding=\"async\" aria-describedby=\"caption-attachment-174\" class=\"size-medium wp-image-174\" alt=\"credits to: http:\/\/www.ziare.com\/tulcea\/stiri-life-show\/a-venit-danut-acasa-v-am-adus-o-tava-cu-prajituri-2589736\" src=\"https:\/\/suzanmehmet.ro\/wp-content\/uploads\/2013\/06\/Dan-Arhire-300x216.jpg\" width=\"300\" height=\"216\" srcset=\"https:\/\/suzanmehmet.ro\/wp-content\/uploads\/2013\/06\/Dan-Arhire-300x216.jpg 300w, https:\/\/suzanmehmet.ro\/wp-content\/uploads\/2013\/06\/Dan-Arhire.jpg 312w\" sizes=\"auto, (max-width: 300px) 100vw, 300px\" \/><\/a><p id=\"caption-attachment-174\" class=\"wp-caption-text\">credits to: http:\/\/www.ziare.com\/tulcea\/stiri-life-show\/a-venit-danut-acasa-v-am-adus-o-tava-cu-prajituri-2589736<\/p><\/div>\n<p>Cum c\u0103r\u0163ile, atunci c\u00e2nd le cuno\u015fti autorul, nu pot fi disociate de cel ce le-a scris, \u015fi cum despre SOPHIA s-a vorbit deja, mult mai bine dec\u00e2t a\u015f fi putut eu s\u0103 o fac, a\u015f vrea s\u0103 spun doar c\u00e2teva cuvinte despre prietena noastr\u0103 (cred c\u0103 nu gre\u015fesc prea mult spun\u00e2nd asta!), adic\u0103 despre Suzan.<\/p>\n<p dir=\"ltr\">La noi, \u00een acest loc, adic\u0103, \u00een care Strada Sc\u0103rii nu duce la scar\u0103 \u0219i Strada G\u0103rii nu duce la gar\u0103, chiar dac\u0103 pe ea st\u0103 scris cu speran\u021b\u0103 Tulcea Ora\u0219, lucrurile nu par a fi \u00eentotdeauna conforme cu ce te-ar \u00eendemna \u00eemprejur\u0103rile s\u0103 crezi despre ele. Astfel, de\u0219i locuie\u0219te de mult timp la doar doi pa\u0219i de falez\u0103, Suzan nu poate fi asociat\u0103 cu ideea de Dun\u0103re, dup\u0103 mine, adic\u0103 nu po\u021bi deloc s\u0103 spui despre ea c\u0103 e un copil al Dun\u0103rii! Nu i se potrive\u0219te. Nu pe aceste ape ale incertului fluviu, c\u00e2nd cresc\u0103toare, c\u00e2nd sub\u0163iate, navig\u0103 ea \u015fi &#8211; rareori c\u00e2nd debarc\u0103 \u00een porturi &#8211; vorbe\u015fte pu\u0163in despre c\u0103l\u0103torie, cu acele cuvinte afirmativ &#8211; interogative (cei ce o cunosc \u015ftiu despre ce vorbesc eu acum!) ce par menite a oculta \u015fi mai mult povestea. Ca s\u0103 mai ai ve\u015fti despre Suzan trebuie s\u0103 fii r\u0103bd\u0103tor \u015fi s\u0103 a\u015ftep\u0163i s\u0103 mai scrie o carte. Dar, pentru c\u0103 a\u015fa le aranjeaz\u0103 Dumnezeu, ca s\u0103 nu po\u0163i s\u0103 spui niciodat\u0103 : \u201e Gata! Acum am \u00een\u0163eles!\u201d, nu e suficient\u0103 nici noua carte ca s\u0103 afli toat\u0103 povestea: \u00ee\u0163i trebuie toate c\u0103r\u0163ile ei \u015fi toate a\u015ftept\u0103rile dintre ele ca s\u0103 mergi pu\u0163in, pu\u0163in, \u00eenainte. \u00cens\u0103 atunci a\u015ftep\u0163i, deja, urm\u0103toarea carte. C\u0103ci a\u015fa este Suzan, cea care c\u0103l\u0103tore\u015fte prin necunoscutele ape, timid\u0103, discret\u0103 \u015fi delicat\u0103, nedeslu\u0219it\u0103 nici de explozia diurn\u0103, atotdezv\u0103luitoare, a Soarelui, nici de privirea ochiului rece, atoatev\u0103z\u0103tor, al Lunii: retras\u0103, \u00een fa\u0163a tuturor \u00eentreb\u0103rilor ce-i sunt sau i-ar putea fi adresate, \u00een propria-i \u00eentrebare-ripost\u0103 pe care, sub mu\u0163enia timpului, ne-o adreseaz\u0103 \u015fi ea nou\u0103. De aceea simt fiecare carte pe care ne-o d\u0103ruie\u015fte ca pe o nou\u0103 fereastr\u0103 spre sine, dar deschis\u0103 \u00eentr-un nou perete desp\u0103r\u0163itor.<\/p>\n<p dir=\"ltr\">Cu cincisprezece ani \u00een urm\u0103, cred, am v\u0103zut-o prima oar\u0103, urc\u00e2nd u\u015for speriat\u0103 \u00a0scara \u00een spiral\u0103 a Clubului Elevilor unde urma s\u0103 participe la un concurs pentru un post de gazetar. \u00cent\u00e2rziase, era ultima sosit\u0103, \u015fi eu \u00eei \u00eent\u00e2mpinasem pe to\u0163i \u00eenaintea ei. Ea, doar, mi-a atras aten\u0163ia \u015fi aceasta a fost prima mea p\u0103rere legat\u0103 de ea, atunci, pe scara \u00een spiral\u0103: ochi care pun \u00eentreb\u0103ri. Dup\u0103 cincisprezece ani, acum \u0219i aici, v\u0103d acela\u015fi lucru: ochi care pun \u00eentreb\u0103ri. Acum, \u00eens\u0103, dup\u0103 cincisprezece ani, \u015ftiu o parte din aceste r\u0103spunsuri, cei c\u00e2\u0163iva ani \u00een care am fost colegi ajut\u00e2ndu-m\u0103 mult s\u0103 le \u00een\u0163eleg; \u0219i c\u0103r\u0163ile pe care i le-am citit, doar at\u00e2t, c\u0103 ele, a\u015fa cum v\u0103 spuneam la \u00eenceput, au mai ad\u0103ugat \u015fi alte \u015fi alte \u00eentreb\u0103ri, c\u0103ci eu, cel pu\u0163in, nu le pot privi ca pe ni\u015fte c\u0103r\u0163i doar, venite din libr\u0103rie, ci le asociez, desigur, autoarei lor. Am v\u0103zut-o la treab\u0103, la ziar, adic\u0103 document\u00e2ndu-se, am v\u0103zut-o crispat\u0103, nedumerit\u0103 sau non\u015falant\u0103 \u00een fa\u0163a foii goale ce a\u015ftepta, sub presiunea timpului, articolul, am v\u0103zut-o citindu-\u015fi diminea\u021b\u0103, \u00een ziarul proasp\u0103t tip\u0103rit, articolul deja publicat (to\u0163i gazetarii fac asta!), d\u00e2nd mereu \u015fi mereu excelente dovezi de camaraderie (atitudine proprie doar celor ale\u015fi!) \u015fi ajut\u00e2nd oamenii care \u00eei cereau sprijinul cu mult mai mult dec\u00e2t cu un simplu articol de ziar. Timiditatea, discre\u0163ia \u015fi delicate\u0163ea erau, deci, dublate de o for\u0163\u0103 de neb\u0103nuit la o prim\u0103 vedere \u2013 for\u0163a \u015fi agilitatea floretei. \u015ei acum eu o v\u0103d a\u015fa, mai bine \u015fi mai clar dup\u0103 ce am citit SOPHIA: retras\u0103 \u00een carte ca \u00eentr-o lume u\u015for corectat\u0103, \u00eentr-un spa\u0163iu m\u00e2ng\u00e2ietor \u015fi frumos situat \u00een chiar centrul construc\u0163iei complicate, elaborate, alc\u0103tuit\u0103 din multe ferestre \u015fi mul\u0163i pere\u0163i desp\u0103r\u0163itori, construc\u021bie \u00een care nici o bard\u0103, nici un buzdugan \u015fi nici un palo\u015f nu pot p\u0103trunde spre a provoca agila floret\u0103. De aceea, cred, c\u0103, la noi, \u00een acest loc, adic\u0103, \u00een care Strada Sc\u0103rii nu duce la scar\u0103 \u0219i Strada G\u0103rii nu duce la gar\u0103, chiar dac\u0103 pe ea st\u0103 scris cu speran\u021b\u0103 Tulcea Ora\u0219, lucrurile nu par a fi \u00eentotdeauna conforme cu ce te-ar \u00eendemna \u00eemprejur\u0103rile s\u0103 crezi despre ele \u015fi, citindu-i cartea, n-ar trebui s\u0103 ne l\u0103s\u0103m \u00een\u015fela\u0163i de aparen\u0163e \u015fi s\u0103 credem c\u0103 am g\u0103sit r\u0103spunsurile. De fapt, ne-am \u00eenc\u0103rcat cu noi \u00eentreb\u0103ri, c\u00e2te zece la un singur r\u0103spuns. C\u0103ci, dac\u0103 a spune despre ea c\u0103 e un copil al Dun\u0103rii pare nepotrivit, Suzan este, totu\u0219i \u0219i din fericire \u015fi pentru noi, un copil al acestui loc, chiar \u0219i atunci \u2013 uneori- c\u00e2nd, citez: \u201epoate atinge cu v\u00e2rful penei universalul.<\/p>\n<p>&nbsp;<\/p>\n","protected":false},"excerpt":{"rendered":"<p>Cum c\u0103r\u0163ile, atunci c\u00e2nd le cuno\u015fti autorul, nu pot fi disociate de cel ce le-a scris, \u015fi cum despre SOPHIA s-a vorbit deja, mult mai bine dec\u00e2t a\u015f fi putut eu s\u0103 o fac, a\u015f vrea s\u0103 spun doar c\u00e2teva cuvinte despre prietena noastr\u0103 (cred c\u0103 nu gre\u015fesc prea mult spun\u00e2nd asta!), adic\u0103 despre Suzan. [&hellip;]<\/p>\n","protected":false},"author":2,"featured_media":174,"parent":0,"menu_order":0,"comment_status":"open","ping_status":"open","template":"","meta":{"footnotes":""},"class_list":["post-183","page","type-page","status-publish","has-post-thumbnail","czr-hentry"],"_links":{"self":[{"href":"https:\/\/suzanmehmet.ro\/index.php?rest_route=\/wp\/v2\/pages\/183","targetHints":{"allow":["GET"]}}],"collection":[{"href":"https:\/\/suzanmehmet.ro\/index.php?rest_route=\/wp\/v2\/pages"}],"about":[{"href":"https:\/\/suzanmehmet.ro\/index.php?rest_route=\/wp\/v2\/types\/page"}],"author":[{"embeddable":true,"href":"https:\/\/suzanmehmet.ro\/index.php?rest_route=\/wp\/v2\/users\/2"}],"replies":[{"embeddable":true,"href":"https:\/\/suzanmehmet.ro\/index.php?rest_route=%2Fwp%2Fv2%2Fcomments&post=183"}],"version-history":[{"count":1,"href":"https:\/\/suzanmehmet.ro\/index.php?rest_route=\/wp\/v2\/pages\/183\/revisions"}],"predecessor-version":[{"id":184,"href":"https:\/\/suzanmehmet.ro\/index.php?rest_route=\/wp\/v2\/pages\/183\/revisions\/184"}],"wp:featuredmedia":[{"embeddable":true,"href":"https:\/\/suzanmehmet.ro\/index.php?rest_route=\/wp\/v2\/media\/174"}],"wp:attachment":[{"href":"https:\/\/suzanmehmet.ro\/index.php?rest_route=%2Fwp%2Fv2%2Fmedia&parent=183"}],"curies":[{"name":"wp","href":"https:\/\/api.w.org\/{rel}","templated":true}]}}