{"id":178,"date":"2013-08-07T11:36:30","date_gmt":"2013-08-07T11:36:30","guid":{"rendered":"https:\/\/suzanmehmet.ro\/?page_id=178"},"modified":"2013-08-07T11:36:30","modified_gmt":"2013-08-07T11:36:30","slug":"ex-ponto","status":"publish","type":"page","link":"https:\/\/suzanmehmet.ro\/?page_id=178","title":{"rendered":"EX PONTO"},"content":{"rendered":"<p><b>Dragoste \u0219i spectacol literar<\/b><\/p>\n<p><a href=\"https:\/\/suzanmehmet.ro\/wp-content\/uploads\/2013\/08\/EX-PONTO.jpg\"><img loading=\"lazy\" decoding=\"async\" class=\"alignleft size-medium wp-image-179\" alt=\"EX PONTO\" src=\"https:\/\/suzanmehmet.ro\/wp-content\/uploads\/2013\/08\/EX-PONTO-190x300.jpg\" width=\"190\" height=\"300\" srcset=\"https:\/\/suzanmehmet.ro\/wp-content\/uploads\/2013\/08\/EX-PONTO-190x300.jpg 190w, https:\/\/suzanmehmet.ro\/wp-content\/uploads\/2013\/08\/EX-PONTO-650x1024.jpg 650w, https:\/\/suzanmehmet.ro\/wp-content\/uploads\/2013\/08\/EX-PONTO.jpg 916w\" sizes=\"auto, (max-width: 190px) 100vw, 190px\" \/><\/a><\/p>\n<p>&nbsp;<\/p>\n<p>Romanul <b>Sophia,<\/b> semnat de Suzan Mehmet la Editura <b>Tracus Arte<\/b> (Bucure\u0219ti, 2013), are un demaraj de factur\u0103 balzacian\u0103, descriind una dintre obi\u0219nuitele scene ce se deruleaz\u0103 m\u0103car o dat\u0103 pe lun\u0103 \u00een casa ex-avocatului Iancu Achim din Bucure\u0219ti. Prozatoarea se opre\u0219te prin succinte fi\u0219e biografice \u0219i caracteriale asupra c\u00e2tor mai multe din personajele ce vor evolua de-a lungul unui roman echilibrat \u0219i bine structurat, toate secven\u021bele fiind motivate din punct de vedere cauzal \u0219i av\u00e2ndu-\u0219i un loc \u0219i un rol niciodat\u0103 gratuit \u00een economia c\u0103r\u021bii. Se deta\u0219eaz\u0103, astfel, Adela Achim, so\u021bia avocatului, o femeie de 57 de ani, de o rar\u0103 cumsec\u0103denie \u0219i frumuse\u021be moral\u0103. Este fiin\u021ba catalizatoare \u0219i c\u00e2rmuitoare a clanului, format at\u00e2t din neamurile ei, c\u00e2t \u0219i din ale so\u021bului, f\u0103r\u0103 nicio discriminare. Drama ei, de\u0219i n-o arat\u0103 niciodat\u0103, a fost aceea c\u0103 n-a putut avea copii, puternica ei afec\u021biune rev\u0103rs\u00e2ndu-se asupra nepo\u021bilor, a prietenilor \u0219i a tuturor celor ce-i trec pragul unde g\u0103sesc \u00eentotdeauna o mas\u0103 \u00eentins\u0103 \u0219i plin\u0103 cu de toate. Din M\u0103n\u0103stirea de la V\u0103ratec a cules-o pe Maria, o novice care pl\u00e2ngea de dorul alor ei \u0219i a adus-o la Bucure\u0219ti unde, dac\u0103 nu a adoptat-o, \u00eei asigur\u0103 o binecuv\u00e2ntat\u0103 tutel\u0103, astfel \u00eenc\u00e2t aceasta a devenit cel mai important \u0219i cel mai indispensabil membru al familiei, un adev\u0103rat factotum \u00een mai mult dec\u00e2t ospitaliera gospod\u0103rie. Pandantul ei masculin este <i>b\u0103iatul<\/i>, adic\u0103 \u0219oferul Nelu care, de\u0219i a absolvit o Facultate de Construc\u021bii, nu profeseaz\u0103 \u00een domeniu, ci \u00eendepline\u0219te rolul de om de \u00eencredere \u0219i e mul\u021bumit de remunera\u021bia acordat\u0103 de avocat. Alt\u0103 fi\u0219\u0103 caracterial\u0103 interesant\u0103 este a lui Florance,\u00a0 nepoat\u0103 de sor\u0103 a Adelei. Ea s-a c\u0103s\u0103torit la 26 de ani cu un general mult mai v\u00e2rstnic, care s-a gr\u0103bit s\u0103 se mute la cele ve\u0219nice, l\u0103s\u00e2ndu-i v\u0103duvei, a\u0219a cum era \u0219i de a\u0219teptat, o avere considerabil\u0103. Fire aerian\u0103, Florance ignor\u0103 mult\u0103 vreme zbuciumul \u0219i iubirea perpelitoare pe care i-o poart\u0103 \u0219oferul familiei, \u00een cel mai larg sens al cuv\u00e2ntului. De pu\u021bin timp, Florance a luat-o \u00een gazda pe Maia, student\u0103 venit\u0103 din provincie \u0219i fiic\u0103 a unui bun prieten al avocatului bonom, care e tot timpul pus pe glume, niciodat\u0103 jignitoare sau mali\u021bioase, dar care dau emo\u021bii celor care nu-l cunosc suficient. Iat\u0103, spre exemplificare portretul fiicei lui Radu Dinescu care, spre a fi c\u00e2t mai departe de regimul comunist ce s-a intruzionat fraudulos \u00een Rom\u00e2nia postbelic\u0103, a tr\u0103it un deceniu \u00eentreg, f\u0103r\u0103 a fi disident, ci doar spre se afla c\u00e2t mai departe de extrem de contaminantul virus ro\u0219u, \u00een Canada: <i>\u201eLa cei 19 ani pe care-i avea, Maia era deja o frumuse\u021be. Un p\u0103r negru \u0219i lung \u00eei \u00eencadra fa\u021ba smead\u0103 cu tr\u0103s\u0103turi de \u021biganc\u0103. Din ochii negri, cu gene lungi, o privire ad\u00e2nc\u0103 te \u021bintuia locului, amintindu-\u021bi de uit\u0103tura focoas\u0103 a femeilor din \u0219atr\u0103. De-altfel, un bunic al Maiei, cel adev\u0103rat, din partea mamei, se spunea c\u0103 fusese \u021bigan. Maia nu l-a cunoscut niciodat\u0103, iar \u00een familia ei to\u021bi evitau s\u0103 vorbeasc\u0103 despre acest trecut, consider\u00e2ndu-l o prostie de tinere\u021be a bunicii. O aventur\u0103 \u0219i deci, implicit, o problem\u0103 delicat\u0103\u201d (p.11). <\/i><\/p>\n<p>La masa cu pricina se vorbe\u0219te \u0219i de un alt nepot de sor\u0103 al Adelei. Acest june din Gala\u021bi lucreaz\u0103, de 5 ani, ca designer la o cas\u0103 de mod\u0103 din Italia \u0219i e a\u0219teptat s\u0103 vin\u0103 \u00een \u021bar\u0103. M\u0103tu\u0219a lui, ca \u0219i veri\u0219oara Florance, sper\u0103 s\u0103 i-o prezinte pe focoasa \u0219i \u00eentruc\u00e2tva exotica Maia \u0219i \u00een onoarea descinderii nepotului cam aerian, ca orice fire de artist p\u0103gubos, se fac preg\u0103tiri culinare intense. Studenta, purt\u00e2nd numele zei\u021bei aztece a misterului vie\u021bii \u0219i a \u00eentre\u021binerii de iluzii ce \u021bin mintea treaz\u0103 \u0219i alimenteaz\u0103 imagina\u021bia cu fapte \u0219i idei ce-l smulg \u00een chip salvator pe om din monotonia realit\u0103\u021bii, va deveni protagonista c\u0103r\u021bii \u0219i aproape singura care va cunoa\u0219te o evolu\u021bie epic\u0103 \u0219i conflictual\u0103. Altor personaje li se sondeaz\u0103 doar trecutul, \u00een prezentul narativ, de factur\u0103 clasic\u0103 ele r\u0103m\u00e2n\u00e2nd egale cu ele \u00eensele pe tot parcursul nara\u021biunii. De notat c\u0103 toate aceste analepse, deloc pu\u021bine, nu sunt c\u00e2tu\u0219i de pu\u021bin lipsite de farmec, fie c\u0103 e vorba de relatarea idilei ce s-a soldat cu mariajul dintre avocat \u0219i consoarta sa, profesoar\u0103 de literatur\u0103, fie c\u0103 e vorba de moartea bunicilor din Gala\u021bi, sau doar de unele povestiri cu ram\u0103, precum cea a soldatului Relu, un \u021b\u0103ran tont ce e foarte mul\u021bumit c\u0103 a ars gazul prin armat\u0103, \u0219i-n loc s\u0103 fac\u0103 instruc\u021bie s-a l\u0103sat slug\u0103rit de to\u021bi \u00een fel \u0219i chip. De mare haz este \u0219i povestirea despre ni\u0219te ziari\u0219ti postdecembri\u0219ti care, \u00een c\u0103utare de reportaje de senza\u021bie, ajung \u00een Delt\u0103 unde, pe un plaur dau de o lipoveanc\u0103 pe al c\u0103rei certificat de na\u0219tere scria, \u00een loc de zi, lun\u0103 \u0219i an, c\u0103 a venit pe lume \u201ealalt\u0103ieri\u201d.<\/p>\n<p>O colateral\u0103 poveste de dragoste tainic\u0103 \u0219i frumoas\u0103, tocmai pentru c\u0103 e interzis\u0103 de morala burghez\u0103, este cea dintre Dora \u0219i Gelu care se trezesc din iluzie tocmai c\u00e2nd se pune problema ca fiecare dintre ei s\u0103 divor\u021beze de cei pe care-i \u00eencornorau. Nevasta procurorului pensionar Puiu Laz\u0103r, care arde gazul de poman\u0103 pe la clubul PNL \u0219i st\u0103 la taclale cu esopicul instalator Matache, a vrut s\u0103 mai recupereze, pe ultima sut\u0103 de metri erotici, ceva din satisfac\u021bia sexual\u0103 pe care n-a avut-o l\u00e2ng\u0103 un so\u021b de care o desp\u0103r\u021bea o destul de consistent\u0103 diferen\u021b\u0103 de v\u00e2rst\u0103. Din p\u0103cate, pe minciun\u0103 se construie\u0219te doar prezent \u0219i prea arareori vreo umbr\u0103 de viitor.<\/p>\n<p>Cartea Suzanei Mehmet poate fi privit\u0103 \u0219i ca un spectacol al literaturii, amintind de <b>Solsti\u021biu tulburat<\/b> al lui Paul Georgescu care reia, \u00eentru mai pregnant\u0103 conturare \u0219i credibilizare, personaje din c\u0103r\u021bile unor predecesori ilu\u0219tri precum Duiliu Zamfirescu ori George C\u0103linescu. Poate nu \u00eent\u00e2mpl\u0103tor \u0219eful clanului, Achim, este deseori numit Nenea Iancu, ori c\u00e2nd la Sinaia, Maia \u0219i colega ei nu se pot ab\u021bine s\u0103 nu-i spun\u0103 taximetristului s\u0103 le duc\u0103 <i>la Bulevard<\/i>, \u0219i s\u0103 adauge \u00een surdin\u0103, \u201ebirjar!\u201d, Casa de pe Strada Livezii din Bucure\u0219ti pare cufundat\u0103, dac\u0103 nu \u00een atemporal, cel pu\u021bin \u00een ni\u0219te timpuri revolute \u00een care e loc de mult\u0103 tr\u0103nc\u0103neal\u0103, de f\u0103cut glume \u0219i jocuri lexicale, de l\u0103sat lucrurile s\u0103 curg\u0103 de la sine ca \u0219i cum to\u021bi ar avea eternitatea \u00een fa\u021b\u0103. Pe Florance, care aminte\u0219te \u00eentr-un fel de Zi\u021ba din <b>O noapte<\/b> <b>furtunoas\u0103<\/b>, o uit\u0103 Dumnezeu prin magazine sau la coafor \u0219i e a\u0219teptat\u0103 cu orele de cel ce, pe alt plan de civiliza\u021bie, joac\u0103 rolul tejghe\u021barului de \u00eencredere al lui Jup\u00e2n Dumitrache, adic\u0103 de \u0219oferul ce lunar \u00eei trimite adoratei sale scrisori poetice pe care aeriana le cite\u0219te ambetat\u0103 de amor \u0219i a\u0219teapt\u0103, precum \u00een epocile de glorie ale romantismului, ca expeditorul anonim s\u0103 se dea de gol \u00eentr-un fel sau altul. Ca sfetnic de tain\u0103 \u0219i de inim\u0103 albastr\u0103, Maia va intra \u00een scen\u0103 \u0219i va accelera derularea idilei dintre gazda ei Florance \u0219i Nelu, doi r\u0103t\u0103ci\u021bi, \u00een fond, prin pragmaticul secol 21. V\u0103duva c\u00e2nt\u0103 <b>Zaraza<\/b> \u0219i are \u00een repertoriu piese fran\u021buze\u0219ti \u0219i roman\u021be pe care le masacreaz\u0103 cu vocea ei inexistent\u0103. Alteori, c\u00e2nd prime\u0219te un co\u0219 cu trandafiri albi, de la acela\u0219i enigmatic adorator, cite\u0219te poezii dintr-o antologie ruseasc\u0103. O alt\u0103 paradigm\u0103 reinscripi\u021bional\u0103 care face carier\u0103 este a\u0219a zisul roman adelic. E pus\u0103 \u0219i aici \u00een abis iubirea imposibil\u0103 dintre un b\u0103rbat ce-\u0219i face scrupule din cauza v\u00e2rstei sale, proiectate mai ales \u00eentr-un viitor tragic, \u0219i o feti\u0219can\u0103 c\u0103reia-i ajunge prezentul zv\u0103p\u0103iat al c\u0103lc\u00e2ielor aprinse, abstrac\u021bie f\u0103c\u00e2nd de acele cazuri c\u00e2nd asemenea c\u0103s\u0103torii sunt opera p\u0103rin\u021bilor, pentru care bog\u0103\u021bia \u0219i gloria partenerului copilului lor sacrificat \u00een chip feudal sunt totul. Psihanaliza asimileaz\u0103 astfel de leg\u0103turi unui anume tip de incest. Ca \u0219i Emil Codrescu din romanul lui G. Ibr\u0103ileanu, desegnerul Carol devine ezitant \u00een dragostea lui fa\u021b\u0103 de Maia \u0219i-\u0219i analizeaz\u0103 fantasmele erotice din trecut. \u00a0Dac\u0103 Emil Codrescu o evoc\u0103 pe Emilica (de-acea\u0219i v\u00e2rst\u0103 cu el), pe Leonora (cu trei ani mai mare) sau pe doamna cunoscut\u0103 la Viena \u00een compania unui so\u021b paralitic mult mai \u00een v\u00e2rst\u0103 dec\u00e2t ea, Carol n-o poate uita pe Carina, o concitadin\u0103 destul de r\u0103scoapt\u0103, pe care\u00a0 a cunoscut-o la mare \u0219i care l-a ini\u021biat \u00een amorul carnal, spre a se debarasa de el de \u00eendat\u0103 cu acesta a devenit student. De \u0219apte ani dureaz\u0103 rela\u021bia lui cu Ema, o g\u0103l\u0103\u021beanc\u0103 obositoare \u0219i fidel\u0103 ca o Penelop\u0103, de care se desparte cu duritate pentru c\u0103 se s\u0103turase de caracterul ei posesiv. Vulgar\u0103, femeia c\u0103reia i s-au dus pe apa s\u00e2mbetei toate a\u0219tept\u0103rile, \u00eel nume\u0219te, \u00een ultima lor convorbire telefonic\u0103, n\u0103t\u0103fle\u021b, nebun, prost, nenorocit, nesim\u021bit, cretin&#8230; \u00centre Carol \u0219i Maia diferen\u021ba de v\u00e2rst\u0103, nu e de dou\u0103 decenii ca-ntre personajele ibr\u0103ilene, ci doar de 15. La cei 19 ani ai ei, studenta bucure\u0219tean\u0103, cu o personalitate extrem de puternic\u0103 \u0219i mereu de\u021bin\u0103toare a bursei de merit, a avut \u0219i ea o experien\u021b\u0103 oarcum traumatizant\u0103. \u00cen liceu s-a \u00eendr\u0103gostit de ea fiul violent al unui politician local. Agresivul Vlad f\u0103cuse o fixa\u021bie pentru fat\u0103 \u0219i doar interven\u021bia categoric\u0103 a tat\u0103lui ei a \u00eentrerupt aceast\u0103 leg\u0103tur\u0103 periculoas\u0103 cu interlopul de 24 de ani. Maia \u00ee\u0219i mascheaz\u0103 sentimentalismul prin ironii \u0219i ambiguit\u0103\u021bi caustice ce amintesc de eroina lui Anton Holban din <b>Jocurile Daniei<\/b>. Prozatoarea traseaz\u0103 cu lux de am\u0103nunte diagrama sentimentelor Maiei Dinescu c\u0103reia \u00een dragoste, ca de altfel \u0219i-n devenirea ei intelectual\u0103, nu-i plac jum\u0103t\u0103\u021bile de m\u0103sur\u0103 \u0219i nici frivolit\u0103\u021bile de vreun fel. Inteligen\u021ba \u0219i educa\u021bia par s\u0103 se r\u0103zvr\u0103teasc\u0103 \u00eempotriva ei \u0219i s-o fac\u0103 incompatibil\u0103 cu designerul: <i>\u201eSe g\u00e2ndi c\u0103 teama lui fa\u021b\u0103 de Maia vine exact de-aici. \u0218i pe ea ar fi putut s-o iubeasc\u0103 la fel, f\u0103r\u0103 limite, a\u0219a cum iubise prima oar\u0103, \u00eens\u0103 frica de un alt e\u0219ec \u00eel paraliza. Frumuse\u021bea fetei \u00eel n\u0103ucise complet, dar mai presus de toate, mintea ei incredibil\u0103, care-i p\u0103rea \u00een acela\u0219i timp \u0219i puternic\u0103 \u0219i periculoas\u0103. Unei astfel de min\u021bi nu avea cum s\u0103-i fac\u0103 fa\u021b\u0103 la nesf\u00e2r\u0219it. Din acest motiv, \u0219tia c\u0103 \u00eentr-o zi Maia se va \u00eentoarce pe un c\u0103lc\u00e2i \u00een modul cel mai firesc \u0219i va pleca. \u00cendrept\u0103\u021bit, de-altfel. Pentru c\u0103 el nu \u0219tia s\u0103 \u021bin\u0103 femeile, dar se pricepea foarte bine s\u0103 le dea drumul\u201d <\/i>(p.119). Cunosc\u00e2ndu-l pe mult mai \u00eentreprinz\u0103torul \u0219i mai dezinvoltul Alex, patronul unei firme prospere de IT din Sibiu \u0219i absolvent, cu 6 ani \u00een urm\u0103, al ASE Bucure\u0219ti, ea-i accept\u0103 compania \u0219i mai pu\u021bin partidele sexuale, chiar \u0219i atunci c\u00e2nd dorm \u00een acela\u0219i pat de hotel sau \u00een \u00a0apartamentul pe care tat\u0103l i l-a f\u0103cut cadou de studen\u021bie. Fantasma lui Carol care-i telefoneaz\u0103 din c\u00e2nd \u00een c\u00e2nd din Italia se interpune mult timp \u00eentre student\u0103 \u0219i noul admirator, extrem de inventiv \u0219i de generos. Dup\u0103 fiecare sesiune de examene, studenta e recompensat\u0103 de acesta cu c\u00e2te o excursie \u00een str\u0103in\u0103tate. Invita\u021biile la restaurante de lux sunt la ordinea zilei, culmin\u00e2nd cu acea sear\u0103 de vis c\u00e2nd Alex a \u00eenchiriat special \u00a0doar pentru ei doi, \u00eentreg restaurantul \u201eLa Gondola\u201d de pe malul Lacului Floreasca, prilej cu care \u00eei ofer\u0103 un inel superb cu diamant. Tocmai aici \u0219i atunci, lovitur\u0103 de teatru, reapare Carol. Maia are nevoie de \u00eenc\u0103 o noapte de singur\u0103tate s\u0103 delibereze \u00een forul ei interior \u0219i, f\u0103c\u00e2ndu-\u0219i un bilan\u021b sentimental, s\u0103 opteze pentru unul sau altul dintre cei doi, at\u00e2t de diferi\u021bi aspiran\u021bi la m\u00e2na ei. O ajut\u0103 un vechi caiet uitat din care mai r\u0103m\u0103seser\u0103 dou\u0103 file. Pe prima ea scrisese c\u00e2ndva <i>sophia<\/i>, iar Carol m\u00e2zg\u0103lise cu creionul ei dermatograf c\u00e2teva cuvinte: \u201e<i>Ne putem iubi azi, dar m\u00e2ine nu \u0219tim. Tu cum \u0219tii? Eu zic c\u0103-i a\u0219a: ne-am dat drumul<\/i>&#8230;\u201d (p.204). Toate celelalte file ale caietului albastru cu spiral\u0103 fuseser\u0103, r\u00e2nd pe r\u00e2nd, umplute cu considera\u021bii introspective \u0219i gnomice \u0219i aruncate la co\u0219. Acolo era povestea ei de iubire cu indecisul \u0219i \u00eenfrico\u0219atul Carol. R\u0103m\u00e2ne \u00eens\u0103 experien\u021ba c\u0103ut\u0103rii: <i>\u201eSunt momente \u00een via\u021b\u0103 c\u00e2nd cercul pare s\u0103 se \u00eenhid\u0103 brusc. Uneori cu un cuv\u00e2nt, cu c\u00e2teva cuvinte, sau pur \u0219i simplu cu o \u00eent\u00e2mplare. Apoi un alt cerc se desface \u0219i se deschide liber spre oriunde, \u00eentocmai ca spiralele din caietul albastru al Maiei. Nici nu mai conteaz\u0103 c\u00e2te foi au r\u0103mas, c\u00e2te \u00eent\u00e2mpl\u0103ri am petrecut sau c\u00e2te-am uitat, c\u00e2te g\u00e2nduri am crescut sau cum ne-am lep\u0103dat de ele, c\u00e2t am visat sau p\u00e2n\u0103 unde am r\u0103scolit prin magma fiin\u021bei. Conteaz\u0103 doar drumul, \u0219i cam at\u00e2t. Ne-am dat drumul&#8230;\u201d<\/i> (205).<i> \u00a0<\/i><\/p>\n<p><i>\u00a0\u00a0\u00a0\u00a0\u00a0\u00a0 <\/i>\u00a0\u00a0Romanul <b>Sophia<\/b> este nu doar de dragoste \u0219i un spectacol \u00een cheie parodic\u0103 al literaturii, ci \u0219i unul de atmosfer\u0103, cu destul\u0103 \u0219i diversificat\u0103 \u00eenc\u0103rc\u0103tur\u0103 social\u0103, prin el perind\u00e2ndu-se oameni de afaceri, \u00eentreprinz\u0103tori, cupluri intrate \u00een criz\u0103, intelectuali ce se confrunt\u0103 cu un destin nu \u00eentotdeauna fast, studen\u021bi petrec\u0103re\u021bi care nu pierd niciun prilej s\u0103 se magnetizeze \u0219i s\u0103 tachineze pe toat\u0103 lumea, precum Catindatul de la percep\u021bie, pensionari deruta\u021bi de timpul pe care nu mai \u0219tiu \u00een ce s\u0103-l investeasc\u0103, etc.<\/p>\n<p>Peisajul literar dobrogean e mai bogat cu un nume de prozator redutabil: Suzan Mehmet, al c\u0103rei roman\u00a0 ne prilejuie\u0219te o lectur\u0103 pe c\u00e2t de problematizant\u0103 pe at\u00e2t de reconfortant\u0103.<\/p>\n<p><b>Ion Ro\u0219ioru\u00a0\u00a0<\/b><\/p>\n","protected":false},"excerpt":{"rendered":"<p>Dragoste \u0219i spectacol literar &nbsp; Romanul Sophia, semnat de Suzan Mehmet la Editura Tracus Arte (Bucure\u0219ti, 2013), are un demaraj de factur\u0103 balzacian\u0103, descriind una dintre obi\u0219nuitele scene ce se deruleaz\u0103 m\u0103car o dat\u0103 pe lun\u0103 \u00een casa ex-avocatului Iancu Achim din Bucure\u0219ti. Prozatoarea se opre\u0219te prin succinte fi\u0219e biografice \u0219i caracteriale asupra c\u00e2tor mai [&hellip;]<\/p>\n","protected":false},"author":2,"featured_media":179,"parent":0,"menu_order":0,"comment_status":"open","ping_status":"open","template":"","meta":{"footnotes":""},"class_list":["post-178","page","type-page","status-publish","has-post-thumbnail","czr-hentry"],"_links":{"self":[{"href":"https:\/\/suzanmehmet.ro\/index.php?rest_route=\/wp\/v2\/pages\/178","targetHints":{"allow":["GET"]}}],"collection":[{"href":"https:\/\/suzanmehmet.ro\/index.php?rest_route=\/wp\/v2\/pages"}],"about":[{"href":"https:\/\/suzanmehmet.ro\/index.php?rest_route=\/wp\/v2\/types\/page"}],"author":[{"embeddable":true,"href":"https:\/\/suzanmehmet.ro\/index.php?rest_route=\/wp\/v2\/users\/2"}],"replies":[{"embeddable":true,"href":"https:\/\/suzanmehmet.ro\/index.php?rest_route=%2Fwp%2Fv2%2Fcomments&post=178"}],"version-history":[{"count":1,"href":"https:\/\/suzanmehmet.ro\/index.php?rest_route=\/wp\/v2\/pages\/178\/revisions"}],"predecessor-version":[{"id":180,"href":"https:\/\/suzanmehmet.ro\/index.php?rest_route=\/wp\/v2\/pages\/178\/revisions\/180"}],"wp:featuredmedia":[{"embeddable":true,"href":"https:\/\/suzanmehmet.ro\/index.php?rest_route=\/wp\/v2\/media\/179"}],"wp:attachment":[{"href":"https:\/\/suzanmehmet.ro\/index.php?rest_route=%2Fwp%2Fv2%2Fmedia&parent=178"}],"curies":[{"name":"wp","href":"https:\/\/api.w.org\/{rel}","templated":true}]}}